{"id":1028,"date":"2024-05-05T09:23:24","date_gmt":"2024-05-05T06:30:35","guid":{"rendered":"https:\/\/billigpakke.no\/blog\/hvordan-sende-en-pakke-med-postoppkrav\/"},"modified":"2024-05-05T09:23:24","modified_gmt":"2024-05-05T08:23:24","slug":"hvordan-sende-en-pakke-med-postoppkrav","status":"publish","type":"page","link":"https:\/\/billigpakke.no\/blog\/hvordan-sende-en-pakke-med-postoppkrav\/","title":{"rendered":"hvordan sende en pakke med postoppkrav?"},"content":{"rendered":"\n<p class=\"has-text-align-center\">Du kan sende en pakke med postoppkrav ved \u00e5 f\u00f8rst pakke inn varen og deretter fylle ut et postoppkravsskjema. Deretter kan du ta med pakken til ditt lokale postkontor og be om \u00e5 sende den med postoppkrav. Du vil da f\u00e5 et kvittering og mottakeren vil f\u00e5 beskjed om \u00e5 betale for pakken n\u00e5r den blir levert.<\/p>\n\n\n\n<div class=\"wp-block-buttons is-content-justification-center is-layout-flex wp-container-core-buttons-is-layout-16018d1d wp-block-buttons-is-layout-flex\">\n<div class=\"wp-block-button is-style-outline is-style-outline--1\"><a class=\"wp-block-button__link has-dark-gray-color has-yellow-background-color has-text-color has-background has-link-color wp-element-button\" href=\"https:\/\/billigpakke.no\">send pakkene dine billig her<\/a><\/div>\n<\/div>\n\n\n\n<p><\/p>\n\n\n\n<p class=\"has-text-align-center\">1. Hvordan sender jeg en pakke med postoppkrav?<br \/>Svar: For \u00e5 sende en pakke med postoppkrav m\u00e5 du f\u00f8rst fylle ut et postoppkravsskjema og feste det p\u00e5 pakken. Deretter kan du levere pakken p\u00e5 ditt lokale postkontor eller post i butikk.<br \/><br \/>2. Hva koster det \u00e5 sende en pakke med postoppkrav?<br \/>Svar: Prisen for \u00e5 sende en pakke med postoppkrav avhenger av vekten og st\u00f8rrelsen p\u00e5 pakken. Du kan sjekke prisene p\u00e5 Posten sin nettside eller kontakte ditt lokale postkontor for mer informasjon.<br \/><br \/>3. Hvordan mottar mottakeren en pakke med postoppkrav?<br \/>Svar: N\u00e5r pakken er sendt med postoppkrav, vil mottakeren f\u00e5 en hentelapp i posten. Mottakeren kan deretter hente pakken p\u00e5 sitt lokale postkontor eller post i butikk og betale for pakken ved henting.<\/p>\n","protected":false},"excerpt":{"rendered":"<p>Du kan sende en pakke med postoppkrav ved \u00e5 f\u00f8rst pakke inn varen og deretter fylle ut et postoppkravsskjema. Deretter kan du ta med pakken til ditt lokale postkontor og be om \u00e5 sende den med postoppkrav. Du vil da f\u00e5 et kvittering og mottakeren vil f\u00e5 beskjed om \u00e5 betale for pakken n\u00e5r den &hellip; <a href=\"https:\/\/billigpakke.no\/blog\/hvordan-sende-en-pakke-med-postoppkrav\/\" class=\"more-link\">Hald fram med \u00e5 lese<span class=\"screen-reader-text\"> \u00abhvordan sende en pakke med postoppkrav?\u00bb<\/span><\/a><\/p>\n","protected":false},"author":3,"featured_media":0,"parent":0,"menu_order":0,"comment_status":"closed","ping_status":"closed","template":"","meta":{"footnotes":""},"class_list":["post-1028","page","type-page","status-publish","hentry"],"yoast_head":"<!-- This site is optimized with the Yoast SEO plugin v27.4 - https:\/\/yoast.com\/product\/yoast-seo-wordpress\/ -->\n<title>hvordan sende en pakke med postoppkrav? - BilligPakke.no<\/title>\n<meta name=\"description\" content=\"\u00c5 sende en pakke med postoppkrav betyr at mottakeren betaler for varen ved levering. Dette kan gj\u00f8res enkelt ved \u00e5 fylle ut et postoppkravsskjema og levere pakken p\u00e5 n\u00e6rmeste postkontor.\" \/>\n<meta name=\"robots\" content=\"index, follow, max-snippet:-1, max-image-preview:large, max-video-preview:-1\" \/>\n<link rel=\"canonical\" href=\"https:\/\/billigpakke.no\/blog\/hvordan-sende-en-pakke-med-postoppkrav\/\" \/>\n<meta property=\"og:locale\" content=\"nn_NO\" \/>\n<meta property=\"og:type\" content=\"article\" \/>\n<meta property=\"og:title\" content=\"hvordan sende en pakke med postoppkrav? - BilligPakke.no\" \/>\n<meta property=\"og:description\" content=\"\u00c5 sende en pakke med postoppkrav betyr at mottakeren betaler for varen ved levering. Dette kan gj\u00f8res enkelt ved \u00e5 fylle ut et postoppkravsskjema og levere pakken p\u00e5 n\u00e6rmeste postkontor.\" \/>\n<meta property=\"og:url\" content=\"https:\/\/billigpakke.no\/blog\/hvordan-sende-en-pakke-med-postoppkrav\/\" \/>\n<meta property=\"og:site_name\" content=\"BilligPakke.no\" \/>\n<meta property=\"article:modified_time\" content=\"2024-05-05T08:23:24+00:00\" \/>\n<meta name=\"twitter:card\" content=\"summary_large_image\" \/>\n<meta name=\"twitter:label1\" content=\"Est. reading time\" \/>\n\t<meta name=\"twitter:data1\" content=\"1 minutt\" \/>\n<script type=\"application\/ld+json\" class=\"yoast-schema-graph\">{\"@context\":\"https:\\\/\\\/schema.org\",\"@graph\":[{\"@type\":\"WebPage\",\"@id\":\"https:\\\/\\\/billigpakke.no\\\/blog\\\/hvordan-sende-en-pakke-med-postoppkrav\\\/\",\"url\":\"https:\\\/\\\/billigpakke.no\\\/blog\\\/hvordan-sende-en-pakke-med-postoppkrav\\\/\",\"name\":\"hvordan sende en pakke med postoppkrav? - BilligPakke.no\",\"isPartOf\":{\"@id\":\"https:\\\/\\\/billigpakke.no\\\/blog\\\/#website\"},\"datePublished\":\"2024-05-05T06:30:35+00:00\",\"dateModified\":\"2024-05-05T08:23:24+00:00\",\"description\":\"\u00c5 sende en pakke med postoppkrav betyr at mottakeren betaler for varen ved levering. Dette kan gj\u00f8res enkelt ved \u00e5 fylle ut et postoppkravsskjema og levere pakken p\u00e5 n\u00e6rmeste postkontor.\",\"breadcrumb\":{\"@id\":\"https:\\\/\\\/billigpakke.no\\\/blog\\\/hvordan-sende-en-pakke-med-postoppkrav\\\/#breadcrumb\"},\"inLanguage\":\"nn-NO\",\"potentialAction\":[{\"@type\":\"ReadAction\",\"target\":[\"https:\\\/\\\/billigpakke.no\\\/blog\\\/hvordan-sende-en-pakke-med-postoppkrav\\\/\"]}]},{\"@type\":\"BreadcrumbList\",\"@id\":\"https:\\\/\\\/billigpakke.no\\\/blog\\\/hvordan-sende-en-pakke-med-postoppkrav\\\/#breadcrumb\",\"itemListElement\":[{\"@type\":\"ListItem\",\"position\":1,\"name\":\"Home\",\"item\":\"https:\\\/\\\/billigpakke.no\\\/blog\\\/\"},{\"@type\":\"ListItem\",\"position\":2,\"name\":\"hvordan sende en pakke med postoppkrav?\"}]},{\"@type\":\"WebSite\",\"@id\":\"https:\\\/\\\/billigpakke.no\\\/blog\\\/#website\",\"url\":\"https:\\\/\\\/billigpakke.no\\\/blog\\\/\",\"name\":\"BilligPakke.no\",\"description\":\"Billigpakke.no Blog\",\"publisher\":{\"@id\":\"https:\\\/\\\/billigpakke.no\\\/blog\\\/#organization\"},\"potentialAction\":[{\"@type\":\"SearchAction\",\"target\":{\"@type\":\"EntryPoint\",\"urlTemplate\":\"https:\\\/\\\/billigpakke.no\\\/blog\\\/?s={search_term_string}\"},\"query-input\":{\"@type\":\"PropertyValueSpecification\",\"valueRequired\":true,\"valueName\":\"search_term_string\"}}],\"inLanguage\":\"nn-NO\"},{\"@type\":\"Organization\",\"@id\":\"https:\\\/\\\/billigpakke.no\\\/blog\\\/#organization\",\"name\":\"BilligPakke.no\",\"url\":\"https:\\\/\\\/billigpakke.no\\\/blog\\\/\",\"logo\":{\"@type\":\"ImageObject\",\"inLanguage\":\"nn-NO\",\"@id\":\"https:\\\/\\\/billigpakke.no\\\/blog\\\/#\\\/schema\\\/logo\\\/image\\\/\",\"url\":\"https:\\\/\\\/billigpakke.no\\\/blog\\\/wp-content\\\/uploads\\\/2016\\\/10\\\/logo.png\",\"contentUrl\":\"https:\\\/\\\/billigpakke.no\\\/blog\\\/wp-content\\\/uploads\\\/2016\\\/10\\\/logo.png\",\"width\":185,\"height\":71,\"caption\":\"BilligPakke.no\"},\"image\":{\"@id\":\"https:\\\/\\\/billigpakke.no\\\/blog\\\/#\\\/schema\\\/logo\\\/image\\\/\"}}]}<\/script>\n<!-- \/ Yoast SEO plugin. -->","yoast_head_json":{"title":"hvordan sende en pakke med postoppkrav? - BilligPakke.no","description":"\u00c5 sende en pakke med postoppkrav betyr at mottakeren betaler for varen ved levering. Dette kan gj\u00f8res enkelt ved \u00e5 fylle ut et postoppkravsskjema og levere pakken p\u00e5 n\u00e6rmeste postkontor.","robots":{"index":"index","follow":"follow","max-snippet":"max-snippet:-1","max-image-preview":"max-image-preview:large","max-video-preview":"max-video-preview:-1"},"canonical":"https:\/\/billigpakke.no\/blog\/hvordan-sende-en-pakke-med-postoppkrav\/","og_locale":"nn_NO","og_type":"article","og_title":"hvordan sende en pakke med postoppkrav? - BilligPakke.no","og_description":"\u00c5 sende en pakke med postoppkrav betyr at mottakeren betaler for varen ved levering. Dette kan gj\u00f8res enkelt ved \u00e5 fylle ut et postoppkravsskjema og levere pakken p\u00e5 n\u00e6rmeste postkontor.","og_url":"https:\/\/billigpakke.no\/blog\/hvordan-sende-en-pakke-med-postoppkrav\/","og_site_name":"BilligPakke.no","article_modified_time":"2024-05-05T08:23:24+00:00","twitter_card":"summary_large_image","twitter_misc":{"Est. reading time":"1 minutt"},"schema":{"@context":"https:\/\/schema.org","@graph":[{"@type":"WebPage","@id":"https:\/\/billigpakke.no\/blog\/hvordan-sende-en-pakke-med-postoppkrav\/","url":"https:\/\/billigpakke.no\/blog\/hvordan-sende-en-pakke-med-postoppkrav\/","name":"hvordan sende en pakke med postoppkrav? - BilligPakke.no","isPartOf":{"@id":"https:\/\/billigpakke.no\/blog\/#website"},"datePublished":"2024-05-05T06:30:35+00:00","dateModified":"2024-05-05T08:23:24+00:00","description":"\u00c5 sende en pakke med postoppkrav betyr at mottakeren betaler for varen ved levering. Dette kan gj\u00f8res enkelt ved \u00e5 fylle ut et postoppkravsskjema og levere pakken p\u00e5 n\u00e6rmeste postkontor.","breadcrumb":{"@id":"https:\/\/billigpakke.no\/blog\/hvordan-sende-en-pakke-med-postoppkrav\/#breadcrumb"},"inLanguage":"nn-NO","potentialAction":[{"@type":"ReadAction","target":["https:\/\/billigpakke.no\/blog\/hvordan-sende-en-pakke-med-postoppkrav\/"]}]},{"@type":"BreadcrumbList","@id":"https:\/\/billigpakke.no\/blog\/hvordan-sende-en-pakke-med-postoppkrav\/#breadcrumb","itemListElement":[{"@type":"ListItem","position":1,"name":"Home","item":"https:\/\/billigpakke.no\/blog\/"},{"@type":"ListItem","position":2,"name":"hvordan sende en pakke med postoppkrav?"}]},{"@type":"WebSite","@id":"https:\/\/billigpakke.no\/blog\/#website","url":"https:\/\/billigpakke.no\/blog\/","name":"BilligPakke.no","description":"Billigpakke.no Blog","publisher":{"@id":"https:\/\/billigpakke.no\/blog\/#organization"},"potentialAction":[{"@type":"SearchAction","target":{"@type":"EntryPoint","urlTemplate":"https:\/\/billigpakke.no\/blog\/?s={search_term_string}"},"query-input":{"@type":"PropertyValueSpecification","valueRequired":true,"valueName":"search_term_string"}}],"inLanguage":"nn-NO"},{"@type":"Organization","@id":"https:\/\/billigpakke.no\/blog\/#organization","name":"BilligPakke.no","url":"https:\/\/billigpakke.no\/blog\/","logo":{"@type":"ImageObject","inLanguage":"nn-NO","@id":"https:\/\/billigpakke.no\/blog\/#\/schema\/logo\/image\/","url":"https:\/\/billigpakke.no\/blog\/wp-content\/uploads\/2016\/10\/logo.png","contentUrl":"https:\/\/billigpakke.no\/blog\/wp-content\/uploads\/2016\/10\/logo.png","width":185,"height":71,"caption":"BilligPakke.no"},"image":{"@id":"https:\/\/billigpakke.no\/blog\/#\/schema\/logo\/image\/"}}]}},"_links":{"self":[{"href":"https:\/\/billigpakke.no\/blog\/wp-json\/wp\/v2\/pages\/1028","targetHints":{"allow":["GET"]}}],"collection":[{"href":"https:\/\/billigpakke.no\/blog\/wp-json\/wp\/v2\/pages"}],"about":[{"href":"https:\/\/billigpakke.no\/blog\/wp-json\/wp\/v2\/types\/page"}],"author":[{"embeddable":true,"href":"https:\/\/billigpakke.no\/blog\/wp-json\/wp\/v2\/users\/3"}],"replies":[{"embeddable":true,"href":"https:\/\/billigpakke.no\/blog\/wp-json\/wp\/v2\/comments?post=1028"}],"version-history":[{"count":2,"href":"https:\/\/billigpakke.no\/blog\/wp-json\/wp\/v2\/pages\/1028\/revisions"}],"predecessor-version":[{"id":1673,"href":"https:\/\/billigpakke.no\/blog\/wp-json\/wp\/v2\/pages\/1028\/revisions\/1673"}],"wp:attachment":[{"href":"https:\/\/billigpakke.no\/blog\/wp-json\/wp\/v2\/media?parent=1028"}],"curies":[{"name":"wp","href":"https:\/\/api.w.org\/{rel}","templated":true}]}}