{"id":1021,"date":"2024-05-05T09:23:24","date_gmt":"2024-05-05T06:30:35","guid":{"rendered":"https:\/\/billigpakke.no\/blog\/hvordan-sende-pakke-med-posten\/"},"modified":"2024-05-05T09:23:24","modified_gmt":"2024-05-05T08:23:24","slug":"hvordan-sende-pakke-med-posten","status":"publish","type":"page","link":"https:\/\/billigpakke.no\/blog\/hvordan-sende-pakke-med-posten\/","title":{"rendered":"hvordan sende pakke med posten?"},"content":{"rendered":"\n<p class=\"has-text-align-center\">Du kan sende en pakke med Posten ved \u00e5 g\u00e5 til n\u00e6rmeste postkontor eller Post i Butikk. Der kan du kj\u00f8pe riktig emballasje og fylle ut et fraktbrev. Deretter kan du betale for frakten og sende pakken. Du kan ogs\u00e5 velge \u00e5 sende pakken fra hjemmet ditt ved \u00e5 bestille fraktseddel p\u00e5 nettet og f\u00e5 pakken hentet av Posten. Husk \u00e5 pakke godt og merke pakken tydelig med mottakerens adresse.<\/p>\n\n\n\n<div class=\"wp-block-buttons is-content-justification-center is-layout-flex wp-container-core-buttons-is-layout-16018d1d wp-block-buttons-is-layout-flex\">\n<div class=\"wp-block-button is-style-outline is-style-outline--1\"><a class=\"wp-block-button__link has-dark-gray-color has-yellow-background-color has-text-color has-background has-link-color wp-element-button\" href=\"https:\/\/billigpakke.no\">send pakkene dine billig her<\/a><\/div>\n<\/div>\n\n\n\n<p><\/p>\n\n\n\n<p class=\"has-text-align-center\">1. Hvordan sender jeg en pakke med Posten?<br \/>Svar: Du kan sende en pakke med Posten ved \u00e5 opps\u00f8ke n\u00e6rmeste postkontor eller Post i Butikk. Du kan ogs\u00e5 bestille fraktetjenester p\u00e5 Posten sin nettside og f\u00e5 pakken hentet hjemme hos deg.<br \/><br \/>2. Hva er de ulike fraktalternativene hos Posten?<br \/>Svar: Posten tilbyr ulike fraktalternativer som vanlig pakke, servicepakke, ekspress over natten og hjemlevering. Du kan velge det alternativet som passer best for deg og din pakke.<br \/><br \/>3. Hva er prisen for \u00e5 sende en pakke med Posten?<br \/>Svar: Prisen for \u00e5 sende en pakke med Posten avhenger av vekt, st\u00f8rrelse og valgt fraktalternativ. Du kan sjekke prisen p\u00e5 Posten sin nettside eller ved \u00e5 kontakte n\u00e6rmeste postkontor.<\/p>\n","protected":false},"excerpt":{"rendered":"<p>Du kan sende en pakke med Posten ved \u00e5 g\u00e5 til n\u00e6rmeste postkontor eller Post i Butikk. Der kan du kj\u00f8pe riktig emballasje og fylle ut et fraktbrev. Deretter kan du betale for frakten og sende pakken. Du kan ogs\u00e5 velge \u00e5 sende pakken fra hjemmet ditt ved \u00e5 bestille fraktseddel p\u00e5 nettet og f\u00e5 &hellip; <a href=\"https:\/\/billigpakke.no\/blog\/hvordan-sende-pakke-med-posten\/\" class=\"more-link\">Hald fram med \u00e5 lese<span class=\"screen-reader-text\"> \u00abhvordan sende pakke med posten?\u00bb<\/span><\/a><\/p>\n","protected":false},"author":3,"featured_media":0,"parent":0,"menu_order":0,"comment_status":"closed","ping_status":"closed","template":"","meta":{"footnotes":""},"class_list":["post-1021","page","type-page","status-publish","hentry"],"yoast_head":"<!-- This site is optimized with the Yoast SEO plugin v27.4 - https:\/\/yoast.com\/product\/yoast-seo-wordpress\/ -->\n<title>hvordan sende pakke med posten? - BilligPakke.no<\/title>\n<meta name=\"description\" content=\"\u00c5 sende pakke med Posten er en enkel prosess. Pakk godt, fyll ut adressekort, og lever pakken p\u00e5 n\u00e6rmeste postkontor eller i en av Postens mange pakkebokser.\" \/>\n<meta name=\"robots\" content=\"index, follow, max-snippet:-1, max-image-preview:large, max-video-preview:-1\" \/>\n<link rel=\"canonical\" href=\"https:\/\/billigpakke.no\/blog\/hvordan-sende-pakke-med-posten\/\" \/>\n<meta property=\"og:locale\" content=\"nn_NO\" \/>\n<meta property=\"og:type\" content=\"article\" \/>\n<meta property=\"og:title\" content=\"hvordan sende pakke med posten? - BilligPakke.no\" \/>\n<meta property=\"og:description\" content=\"\u00c5 sende pakke med Posten er en enkel prosess. Pakk godt, fyll ut adressekort, og lever pakken p\u00e5 n\u00e6rmeste postkontor eller i en av Postens mange pakkebokser.\" \/>\n<meta property=\"og:url\" content=\"https:\/\/billigpakke.no\/blog\/hvordan-sende-pakke-med-posten\/\" \/>\n<meta property=\"og:site_name\" content=\"BilligPakke.no\" \/>\n<meta property=\"article:modified_time\" content=\"2024-05-05T08:23:24+00:00\" \/>\n<meta name=\"twitter:card\" content=\"summary_large_image\" \/>\n<meta name=\"twitter:label1\" content=\"Est. reading time\" \/>\n\t<meta name=\"twitter:data1\" content=\"1 minutt\" \/>\n<script type=\"application\/ld+json\" class=\"yoast-schema-graph\">{\"@context\":\"https:\\\/\\\/schema.org\",\"@graph\":[{\"@type\":\"WebPage\",\"@id\":\"https:\\\/\\\/billigpakke.no\\\/blog\\\/hvordan-sende-pakke-med-posten\\\/\",\"url\":\"https:\\\/\\\/billigpakke.no\\\/blog\\\/hvordan-sende-pakke-med-posten\\\/\",\"name\":\"hvordan sende pakke med posten? - BilligPakke.no\",\"isPartOf\":{\"@id\":\"https:\\\/\\\/billigpakke.no\\\/blog\\\/#website\"},\"datePublished\":\"2024-05-05T06:30:35+00:00\",\"dateModified\":\"2024-05-05T08:23:24+00:00\",\"description\":\"\u00c5 sende pakke med Posten er en enkel prosess. Pakk godt, fyll ut adressekort, og lever pakken p\u00e5 n\u00e6rmeste postkontor eller i en av Postens mange pakkebokser.\",\"breadcrumb\":{\"@id\":\"https:\\\/\\\/billigpakke.no\\\/blog\\\/hvordan-sende-pakke-med-posten\\\/#breadcrumb\"},\"inLanguage\":\"nn-NO\",\"potentialAction\":[{\"@type\":\"ReadAction\",\"target\":[\"https:\\\/\\\/billigpakke.no\\\/blog\\\/hvordan-sende-pakke-med-posten\\\/\"]}]},{\"@type\":\"BreadcrumbList\",\"@id\":\"https:\\\/\\\/billigpakke.no\\\/blog\\\/hvordan-sende-pakke-med-posten\\\/#breadcrumb\",\"itemListElement\":[{\"@type\":\"ListItem\",\"position\":1,\"name\":\"Home\",\"item\":\"https:\\\/\\\/billigpakke.no\\\/blog\\\/\"},{\"@type\":\"ListItem\",\"position\":2,\"name\":\"hvordan sende pakke med posten?\"}]},{\"@type\":\"WebSite\",\"@id\":\"https:\\\/\\\/billigpakke.no\\\/blog\\\/#website\",\"url\":\"https:\\\/\\\/billigpakke.no\\\/blog\\\/\",\"name\":\"BilligPakke.no\",\"description\":\"Billigpakke.no Blog\",\"publisher\":{\"@id\":\"https:\\\/\\\/billigpakke.no\\\/blog\\\/#organization\"},\"potentialAction\":[{\"@type\":\"SearchAction\",\"target\":{\"@type\":\"EntryPoint\",\"urlTemplate\":\"https:\\\/\\\/billigpakke.no\\\/blog\\\/?s={search_term_string}\"},\"query-input\":{\"@type\":\"PropertyValueSpecification\",\"valueRequired\":true,\"valueName\":\"search_term_string\"}}],\"inLanguage\":\"nn-NO\"},{\"@type\":\"Organization\",\"@id\":\"https:\\\/\\\/billigpakke.no\\\/blog\\\/#organization\",\"name\":\"BilligPakke.no\",\"url\":\"https:\\\/\\\/billigpakke.no\\\/blog\\\/\",\"logo\":{\"@type\":\"ImageObject\",\"inLanguage\":\"nn-NO\",\"@id\":\"https:\\\/\\\/billigpakke.no\\\/blog\\\/#\\\/schema\\\/logo\\\/image\\\/\",\"url\":\"https:\\\/\\\/billigpakke.no\\\/blog\\\/wp-content\\\/uploads\\\/2016\\\/10\\\/logo.png\",\"contentUrl\":\"https:\\\/\\\/billigpakke.no\\\/blog\\\/wp-content\\\/uploads\\\/2016\\\/10\\\/logo.png\",\"width\":185,\"height\":71,\"caption\":\"BilligPakke.no\"},\"image\":{\"@id\":\"https:\\\/\\\/billigpakke.no\\\/blog\\\/#\\\/schema\\\/logo\\\/image\\\/\"}}]}<\/script>\n<!-- \/ Yoast SEO plugin. -->","yoast_head_json":{"title":"hvordan sende pakke med posten? - BilligPakke.no","description":"\u00c5 sende pakke med Posten er en enkel prosess. Pakk godt, fyll ut adressekort, og lever pakken p\u00e5 n\u00e6rmeste postkontor eller i en av Postens mange pakkebokser.","robots":{"index":"index","follow":"follow","max-snippet":"max-snippet:-1","max-image-preview":"max-image-preview:large","max-video-preview":"max-video-preview:-1"},"canonical":"https:\/\/billigpakke.no\/blog\/hvordan-sende-pakke-med-posten\/","og_locale":"nn_NO","og_type":"article","og_title":"hvordan sende pakke med posten? - BilligPakke.no","og_description":"\u00c5 sende pakke med Posten er en enkel prosess. Pakk godt, fyll ut adressekort, og lever pakken p\u00e5 n\u00e6rmeste postkontor eller i en av Postens mange pakkebokser.","og_url":"https:\/\/billigpakke.no\/blog\/hvordan-sende-pakke-med-posten\/","og_site_name":"BilligPakke.no","article_modified_time":"2024-05-05T08:23:24+00:00","twitter_card":"summary_large_image","twitter_misc":{"Est. reading time":"1 minutt"},"schema":{"@context":"https:\/\/schema.org","@graph":[{"@type":"WebPage","@id":"https:\/\/billigpakke.no\/blog\/hvordan-sende-pakke-med-posten\/","url":"https:\/\/billigpakke.no\/blog\/hvordan-sende-pakke-med-posten\/","name":"hvordan sende pakke med posten? - BilligPakke.no","isPartOf":{"@id":"https:\/\/billigpakke.no\/blog\/#website"},"datePublished":"2024-05-05T06:30:35+00:00","dateModified":"2024-05-05T08:23:24+00:00","description":"\u00c5 sende pakke med Posten er en enkel prosess. Pakk godt, fyll ut adressekort, og lever pakken p\u00e5 n\u00e6rmeste postkontor eller i en av Postens mange pakkebokser.","breadcrumb":{"@id":"https:\/\/billigpakke.no\/blog\/hvordan-sende-pakke-med-posten\/#breadcrumb"},"inLanguage":"nn-NO","potentialAction":[{"@type":"ReadAction","target":["https:\/\/billigpakke.no\/blog\/hvordan-sende-pakke-med-posten\/"]}]},{"@type":"BreadcrumbList","@id":"https:\/\/billigpakke.no\/blog\/hvordan-sende-pakke-med-posten\/#breadcrumb","itemListElement":[{"@type":"ListItem","position":1,"name":"Home","item":"https:\/\/billigpakke.no\/blog\/"},{"@type":"ListItem","position":2,"name":"hvordan sende pakke med posten?"}]},{"@type":"WebSite","@id":"https:\/\/billigpakke.no\/blog\/#website","url":"https:\/\/billigpakke.no\/blog\/","name":"BilligPakke.no","description":"Billigpakke.no Blog","publisher":{"@id":"https:\/\/billigpakke.no\/blog\/#organization"},"potentialAction":[{"@type":"SearchAction","target":{"@type":"EntryPoint","urlTemplate":"https:\/\/billigpakke.no\/blog\/?s={search_term_string}"},"query-input":{"@type":"PropertyValueSpecification","valueRequired":true,"valueName":"search_term_string"}}],"inLanguage":"nn-NO"},{"@type":"Organization","@id":"https:\/\/billigpakke.no\/blog\/#organization","name":"BilligPakke.no","url":"https:\/\/billigpakke.no\/blog\/","logo":{"@type":"ImageObject","inLanguage":"nn-NO","@id":"https:\/\/billigpakke.no\/blog\/#\/schema\/logo\/image\/","url":"https:\/\/billigpakke.no\/blog\/wp-content\/uploads\/2016\/10\/logo.png","contentUrl":"https:\/\/billigpakke.no\/blog\/wp-content\/uploads\/2016\/10\/logo.png","width":185,"height":71,"caption":"BilligPakke.no"},"image":{"@id":"https:\/\/billigpakke.no\/blog\/#\/schema\/logo\/image\/"}}]}},"_links":{"self":[{"href":"https:\/\/billigpakke.no\/blog\/wp-json\/wp\/v2\/pages\/1021","targetHints":{"allow":["GET"]}}],"collection":[{"href":"https:\/\/billigpakke.no\/blog\/wp-json\/wp\/v2\/pages"}],"about":[{"href":"https:\/\/billigpakke.no\/blog\/wp-json\/wp\/v2\/types\/page"}],"author":[{"embeddable":true,"href":"https:\/\/billigpakke.no\/blog\/wp-json\/wp\/v2\/users\/3"}],"replies":[{"embeddable":true,"href":"https:\/\/billigpakke.no\/blog\/wp-json\/wp\/v2\/comments?post=1021"}],"version-history":[{"count":2,"href":"https:\/\/billigpakke.no\/blog\/wp-json\/wp\/v2\/pages\/1021\/revisions"}],"predecessor-version":[{"id":1666,"href":"https:\/\/billigpakke.no\/blog\/wp-json\/wp\/v2\/pages\/1021\/revisions\/1666"}],"wp:attachment":[{"href":"https:\/\/billigpakke.no\/blog\/wp-json\/wp\/v2\/media?parent=1021"}],"curies":[{"name":"wp","href":"https:\/\/api.w.org\/{rel}","templated":true}]}}