{"id":1014,"date":"2024-05-05T09:23:23","date_gmt":"2024-05-05T06:30:34","guid":{"rendered":"https:\/\/billigpakke.no\/blog\/hvor-mye-koster-frakt-fra-junkyard\/"},"modified":"2024-05-05T09:23:24","modified_gmt":"2024-05-05T08:23:24","slug":"hvor-mye-koster-frakt-fra-junkyard","status":"publish","type":"page","link":"https:\/\/billigpakke.no\/blog\/hvor-mye-koster-frakt-fra-junkyard\/","title":{"rendered":"hvor mye koster frakt fra junkyard?"},"content":{"rendered":"\n<p class=\"has-text-align-center\">Fraktkostnadene fra Junkyard avhenger av vekten og st\u00f8rrelsen p\u00e5 pakken, samt leveringsstedet. Jeg anbefaler \u00e5 legge varene du \u00f8nsker i handlekurven og g\u00e5 til kassen for \u00e5 f\u00e5 n\u00f8yaktig fraktpris basert p\u00e5 din bestilling.<\/p>\n\n\n\n<div class=\"wp-block-buttons is-content-justification-center is-layout-flex wp-container-core-buttons-is-layout-16018d1d wp-block-buttons-is-layout-flex\">\n<div class=\"wp-block-button is-style-outline is-style-outline--1\"><a class=\"wp-block-button__link has-dark-gray-color has-yellow-background-color has-text-color has-background has-link-color wp-element-button\" href=\"https:\/\/billigpakke.no\">send pakkene dine billig her<\/a><\/div>\n<\/div>\n\n\n\n<p><\/p>\n\n\n\n<p class=\"has-text-align-center\">1. Hvor mye koster frakt fra Junkyard?<br \/>Svar: Fraktkostnaden fra Junkyard avhenger av vekten og st\u00f8rrelsen p\u00e5 pakken, samt leveringsstedet. Prisen vil bli beregnet og vist i handlekurven f\u00f8r du fullf\u00f8rer kj\u00f8pet.<br \/><br \/>2. Hvor lang tid tar det \u00e5 f\u00e5 en bestilling levert fra Junkyard?<br \/>Svar: Leveringstiden fra Junkyard vil variere avhengig av leveringsstedet og valgt leveringsmetode. Vanligvis tar det 2-5 virkedager \u00e5 f\u00e5 en bestilling levert.<br \/><br \/>3. Tilbyr Junkyard gratis frakt?<br \/>Svar: Junkyard tilbyr gratis frakt p\u00e5 bestillinger over et visst bel\u00f8p. Dette bel\u00f8pet kan variere, s\u00e5 det er best \u00e5 sjekke nettsiden deres for gjeldende tilbud.<\/p>\n","protected":false},"excerpt":{"rendered":"<p>Fraktkostnadene fra Junkyard avhenger av vekten og st\u00f8rrelsen p\u00e5 pakken, samt leveringsstedet. Jeg anbefaler \u00e5 legge varene du \u00f8nsker i handlekurven og g\u00e5 til kassen for \u00e5 f\u00e5 n\u00f8yaktig fraktpris basert p\u00e5 din bestilling. 1. Hvor mye koster frakt fra Junkyard?Svar: Fraktkostnaden fra Junkyard avhenger av vekten og st\u00f8rrelsen p\u00e5 pakken, samt leveringsstedet. Prisen vil &hellip; <a href=\"https:\/\/billigpakke.no\/blog\/hvor-mye-koster-frakt-fra-junkyard\/\" class=\"more-link\">Hald fram med \u00e5 lese<span class=\"screen-reader-text\"> \u00abhvor mye koster frakt fra junkyard?\u00bb<\/span><\/a><\/p>\n","protected":false},"author":3,"featured_media":0,"parent":0,"menu_order":0,"comment_status":"closed","ping_status":"closed","template":"","meta":{"footnotes":""},"class_list":["post-1014","page","type-page","status-publish","hentry"],"yoast_head":"<!-- This site is optimized with the Yoast SEO plugin v27.4 - https:\/\/yoast.com\/product\/yoast-seo-wordpress\/ -->\n<title>hvor mye koster frakt fra junkyard? - BilligPakke.no<\/title>\n<meta name=\"description\" content=\"Fraktkostnaden fra Junkyard varierer avhengig av vekt, st\u00f8rrelse og leveringsadresse. Kunden kan f\u00e5 n\u00f8yaktig pris ved \u00e5 legge \u00f8nskede varer i handlekurven og g\u00e5 til kassen.\" \/>\n<meta name=\"robots\" content=\"index, follow, max-snippet:-1, max-image-preview:large, max-video-preview:-1\" \/>\n<link rel=\"canonical\" href=\"https:\/\/billigpakke.no\/blog\/hvor-mye-koster-frakt-fra-junkyard\/\" \/>\n<meta property=\"og:locale\" content=\"nn_NO\" \/>\n<meta property=\"og:type\" content=\"article\" \/>\n<meta property=\"og:title\" content=\"hvor mye koster frakt fra junkyard? - BilligPakke.no\" \/>\n<meta property=\"og:description\" content=\"Fraktkostnaden fra Junkyard varierer avhengig av vekt, st\u00f8rrelse og leveringsadresse. Kunden kan f\u00e5 n\u00f8yaktig pris ved \u00e5 legge \u00f8nskede varer i handlekurven og g\u00e5 til kassen.\" \/>\n<meta property=\"og:url\" content=\"https:\/\/billigpakke.no\/blog\/hvor-mye-koster-frakt-fra-junkyard\/\" \/>\n<meta property=\"og:site_name\" content=\"BilligPakke.no\" \/>\n<meta property=\"article:modified_time\" content=\"2024-05-05T08:23:24+00:00\" \/>\n<meta name=\"twitter:card\" content=\"summary_large_image\" \/>\n<meta name=\"twitter:label1\" content=\"Est. reading time\" \/>\n\t<meta name=\"twitter:data1\" content=\"1 minutt\" \/>\n<script type=\"application\/ld+json\" class=\"yoast-schema-graph\">{\"@context\":\"https:\\\/\\\/schema.org\",\"@graph\":[{\"@type\":\"WebPage\",\"@id\":\"https:\\\/\\\/billigpakke.no\\\/blog\\\/hvor-mye-koster-frakt-fra-junkyard\\\/\",\"url\":\"https:\\\/\\\/billigpakke.no\\\/blog\\\/hvor-mye-koster-frakt-fra-junkyard\\\/\",\"name\":\"hvor mye koster frakt fra junkyard? - BilligPakke.no\",\"isPartOf\":{\"@id\":\"https:\\\/\\\/billigpakke.no\\\/blog\\\/#website\"},\"datePublished\":\"2024-05-05T06:30:34+00:00\",\"dateModified\":\"2024-05-05T08:23:24+00:00\",\"description\":\"Fraktkostnaden fra Junkyard varierer avhengig av vekt, st\u00f8rrelse og leveringsadresse. Kunden kan f\u00e5 n\u00f8yaktig pris ved \u00e5 legge \u00f8nskede varer i handlekurven og g\u00e5 til kassen.\",\"breadcrumb\":{\"@id\":\"https:\\\/\\\/billigpakke.no\\\/blog\\\/hvor-mye-koster-frakt-fra-junkyard\\\/#breadcrumb\"},\"inLanguage\":\"nn-NO\",\"potentialAction\":[{\"@type\":\"ReadAction\",\"target\":[\"https:\\\/\\\/billigpakke.no\\\/blog\\\/hvor-mye-koster-frakt-fra-junkyard\\\/\"]}]},{\"@type\":\"BreadcrumbList\",\"@id\":\"https:\\\/\\\/billigpakke.no\\\/blog\\\/hvor-mye-koster-frakt-fra-junkyard\\\/#breadcrumb\",\"itemListElement\":[{\"@type\":\"ListItem\",\"position\":1,\"name\":\"Home\",\"item\":\"https:\\\/\\\/billigpakke.no\\\/blog\\\/\"},{\"@type\":\"ListItem\",\"position\":2,\"name\":\"hvor mye koster frakt fra junkyard?\"}]},{\"@type\":\"WebSite\",\"@id\":\"https:\\\/\\\/billigpakke.no\\\/blog\\\/#website\",\"url\":\"https:\\\/\\\/billigpakke.no\\\/blog\\\/\",\"name\":\"BilligPakke.no\",\"description\":\"Billigpakke.no Blog\",\"publisher\":{\"@id\":\"https:\\\/\\\/billigpakke.no\\\/blog\\\/#organization\"},\"potentialAction\":[{\"@type\":\"SearchAction\",\"target\":{\"@type\":\"EntryPoint\",\"urlTemplate\":\"https:\\\/\\\/billigpakke.no\\\/blog\\\/?s={search_term_string}\"},\"query-input\":{\"@type\":\"PropertyValueSpecification\",\"valueRequired\":true,\"valueName\":\"search_term_string\"}}],\"inLanguage\":\"nn-NO\"},{\"@type\":\"Organization\",\"@id\":\"https:\\\/\\\/billigpakke.no\\\/blog\\\/#organization\",\"name\":\"BilligPakke.no\",\"url\":\"https:\\\/\\\/billigpakke.no\\\/blog\\\/\",\"logo\":{\"@type\":\"ImageObject\",\"inLanguage\":\"nn-NO\",\"@id\":\"https:\\\/\\\/billigpakke.no\\\/blog\\\/#\\\/schema\\\/logo\\\/image\\\/\",\"url\":\"https:\\\/\\\/billigpakke.no\\\/blog\\\/wp-content\\\/uploads\\\/2016\\\/10\\\/logo.png\",\"contentUrl\":\"https:\\\/\\\/billigpakke.no\\\/blog\\\/wp-content\\\/uploads\\\/2016\\\/10\\\/logo.png\",\"width\":185,\"height\":71,\"caption\":\"BilligPakke.no\"},\"image\":{\"@id\":\"https:\\\/\\\/billigpakke.no\\\/blog\\\/#\\\/schema\\\/logo\\\/image\\\/\"}}]}<\/script>\n<!-- \/ Yoast SEO plugin. -->","yoast_head_json":{"title":"hvor mye koster frakt fra junkyard? - BilligPakke.no","description":"Fraktkostnaden fra Junkyard varierer avhengig av vekt, st\u00f8rrelse og leveringsadresse. Kunden kan f\u00e5 n\u00f8yaktig pris ved \u00e5 legge \u00f8nskede varer i handlekurven og g\u00e5 til kassen.","robots":{"index":"index","follow":"follow","max-snippet":"max-snippet:-1","max-image-preview":"max-image-preview:large","max-video-preview":"max-video-preview:-1"},"canonical":"https:\/\/billigpakke.no\/blog\/hvor-mye-koster-frakt-fra-junkyard\/","og_locale":"nn_NO","og_type":"article","og_title":"hvor mye koster frakt fra junkyard? - BilligPakke.no","og_description":"Fraktkostnaden fra Junkyard varierer avhengig av vekt, st\u00f8rrelse og leveringsadresse. Kunden kan f\u00e5 n\u00f8yaktig pris ved \u00e5 legge \u00f8nskede varer i handlekurven og g\u00e5 til kassen.","og_url":"https:\/\/billigpakke.no\/blog\/hvor-mye-koster-frakt-fra-junkyard\/","og_site_name":"BilligPakke.no","article_modified_time":"2024-05-05T08:23:24+00:00","twitter_card":"summary_large_image","twitter_misc":{"Est. reading time":"1 minutt"},"schema":{"@context":"https:\/\/schema.org","@graph":[{"@type":"WebPage","@id":"https:\/\/billigpakke.no\/blog\/hvor-mye-koster-frakt-fra-junkyard\/","url":"https:\/\/billigpakke.no\/blog\/hvor-mye-koster-frakt-fra-junkyard\/","name":"hvor mye koster frakt fra junkyard? - BilligPakke.no","isPartOf":{"@id":"https:\/\/billigpakke.no\/blog\/#website"},"datePublished":"2024-05-05T06:30:34+00:00","dateModified":"2024-05-05T08:23:24+00:00","description":"Fraktkostnaden fra Junkyard varierer avhengig av vekt, st\u00f8rrelse og leveringsadresse. Kunden kan f\u00e5 n\u00f8yaktig pris ved \u00e5 legge \u00f8nskede varer i handlekurven og g\u00e5 til kassen.","breadcrumb":{"@id":"https:\/\/billigpakke.no\/blog\/hvor-mye-koster-frakt-fra-junkyard\/#breadcrumb"},"inLanguage":"nn-NO","potentialAction":[{"@type":"ReadAction","target":["https:\/\/billigpakke.no\/blog\/hvor-mye-koster-frakt-fra-junkyard\/"]}]},{"@type":"BreadcrumbList","@id":"https:\/\/billigpakke.no\/blog\/hvor-mye-koster-frakt-fra-junkyard\/#breadcrumb","itemListElement":[{"@type":"ListItem","position":1,"name":"Home","item":"https:\/\/billigpakke.no\/blog\/"},{"@type":"ListItem","position":2,"name":"hvor mye koster frakt fra junkyard?"}]},{"@type":"WebSite","@id":"https:\/\/billigpakke.no\/blog\/#website","url":"https:\/\/billigpakke.no\/blog\/","name":"BilligPakke.no","description":"Billigpakke.no Blog","publisher":{"@id":"https:\/\/billigpakke.no\/blog\/#organization"},"potentialAction":[{"@type":"SearchAction","target":{"@type":"EntryPoint","urlTemplate":"https:\/\/billigpakke.no\/blog\/?s={search_term_string}"},"query-input":{"@type":"PropertyValueSpecification","valueRequired":true,"valueName":"search_term_string"}}],"inLanguage":"nn-NO"},{"@type":"Organization","@id":"https:\/\/billigpakke.no\/blog\/#organization","name":"BilligPakke.no","url":"https:\/\/billigpakke.no\/blog\/","logo":{"@type":"ImageObject","inLanguage":"nn-NO","@id":"https:\/\/billigpakke.no\/blog\/#\/schema\/logo\/image\/","url":"https:\/\/billigpakke.no\/blog\/wp-content\/uploads\/2016\/10\/logo.png","contentUrl":"https:\/\/billigpakke.no\/blog\/wp-content\/uploads\/2016\/10\/logo.png","width":185,"height":71,"caption":"BilligPakke.no"},"image":{"@id":"https:\/\/billigpakke.no\/blog\/#\/schema\/logo\/image\/"}}]}},"_links":{"self":[{"href":"https:\/\/billigpakke.no\/blog\/wp-json\/wp\/v2\/pages\/1014","targetHints":{"allow":["GET"]}}],"collection":[{"href":"https:\/\/billigpakke.no\/blog\/wp-json\/wp\/v2\/pages"}],"about":[{"href":"https:\/\/billigpakke.no\/blog\/wp-json\/wp\/v2\/types\/page"}],"author":[{"embeddable":true,"href":"https:\/\/billigpakke.no\/blog\/wp-json\/wp\/v2\/users\/3"}],"replies":[{"embeddable":true,"href":"https:\/\/billigpakke.no\/blog\/wp-json\/wp\/v2\/comments?post=1014"}],"version-history":[{"count":2,"href":"https:\/\/billigpakke.no\/blog\/wp-json\/wp\/v2\/pages\/1014\/revisions"}],"predecessor-version":[{"id":1659,"href":"https:\/\/billigpakke.no\/blog\/wp-json\/wp\/v2\/pages\/1014\/revisions\/1659"}],"wp:attachment":[{"href":"https:\/\/billigpakke.no\/blog\/wp-json\/wp\/v2\/media?parent=1014"}],"curies":[{"name":"wp","href":"https:\/\/api.w.org\/{rel}","templated":true}]}}