{"id":1006,"date":"2024-05-05T09:23:23","date_gmt":"2024-05-05T06:30:34","guid":{"rendered":"https:\/\/billigpakke.no\/blog\/hva-koster-pakken\/"},"modified":"2024-05-05T09:23:23","modified_gmt":"2024-05-05T08:23:23","slug":"hva-koster-pakken","status":"publish","type":"page","link":"https:\/\/billigpakke.no\/blog\/hva-koster-pakken\/","title":{"rendered":"hva koster pakken?"},"content":{"rendered":"\n<p class=\"has-text-align-center\">Prisen p\u00e5 pakken vil avhenge av st\u00f8rrelsen, vekten og destinasjonen den skal sendes til. For n\u00f8yaktig pris, anbefaler jeg \u00e5 kontakte postkontoret eller fraktselskapet direkte.<\/p>\n\n\n\n<div class=\"wp-block-buttons is-content-justification-center is-layout-flex wp-container-core-buttons-is-layout-16018d1d wp-block-buttons-is-layout-flex\">\n<div class=\"wp-block-button is-style-outline is-style-outline--1\"><a class=\"wp-block-button__link has-dark-gray-color has-yellow-background-color has-text-color has-background has-link-color wp-element-button\" href=\"https:\/\/billigpakke.no\">send pakkene dine billig her<\/a><\/div>\n<\/div>\n\n\n\n<p><\/p>\n\n\n\n<p class=\"has-text-align-center\">1. Hva koster pakken \u00e5 sende innenlands i Norge?<br \/> &#8211; Prisen for \u00e5 sende en pakke innenlands i Norge avhenger av vekten og st\u00f8rrelsen p\u00e5 pakken, samt hvilken leverand\u00f8r du velger. Posten Norge og andre private leverand\u00f8rer tilbyr ulike priser basert p\u00e5 disse faktorene.<br \/><br \/>2. Hva koster det \u00e5 sende en pakke til utlandet fra Norge?<br \/> &#8211; Prisen for \u00e5 sende en pakke til utlandet fra Norge varierer avhengig av destinasjon, vekt og st\u00f8rrelse p\u00e5 pakken. Posten Norge og andre internasjonale leverand\u00f8rer tilbyr ulike priser basert p\u00e5 disse faktorene.<br \/><br \/>3. Hva er toll og avgifter p\u00e5 pakker som sendes til Norge fra utlandet?<br \/> &#8211; Pakker som sendes til Norge fra utlandet kan v\u00e6re gjenstand for toll og avgifter avhengig av verdien og innholdet av pakken. Tollvesenet i Norge har ulike satser og regler for ulike typer varer, og det er viktig \u00e5 v\u00e6re klar over disse f\u00f8r du sender eller mottar en pakke fra utlandet.<\/p>\n","protected":false},"excerpt":{"rendered":"<p>Prisen p\u00e5 pakken vil avhenge av st\u00f8rrelsen, vekten og destinasjonen den skal sendes til. For n\u00f8yaktig pris, anbefaler jeg \u00e5 kontakte postkontoret eller fraktselskapet direkte. 1. Hva koster pakken \u00e5 sende innenlands i Norge? &#8211; Prisen for \u00e5 sende en pakke innenlands i Norge avhenger av vekten og st\u00f8rrelsen p\u00e5 pakken, samt hvilken leverand\u00f8r du &hellip; <a href=\"https:\/\/billigpakke.no\/blog\/hva-koster-pakken\/\" class=\"more-link\">Hald fram med \u00e5 lese<span class=\"screen-reader-text\"> \u00abhva koster pakken?\u00bb<\/span><\/a><\/p>\n","protected":false},"author":3,"featured_media":0,"parent":0,"menu_order":0,"comment_status":"closed","ping_status":"closed","template":"","meta":{"footnotes":""},"class_list":["post-1006","page","type-page","status-publish","hentry"],"yoast_head":"<!-- This site is optimized with the Yoast SEO plugin v27.5 - https:\/\/yoast.com\/product\/yoast-seo-wordpress\/ -->\n<title>hva koster pakken? - BilligPakke.no<\/title>\n<meta name=\"description\" content=\"Prisen p\u00e5 pakken varierer avhengig av st\u00f8rrelse, vekt og leveringsdestinasjon. Kontakt leverand\u00f8ren for n\u00f8yaktig pris.\" \/>\n<meta name=\"robots\" content=\"index, follow, max-snippet:-1, max-image-preview:large, max-video-preview:-1\" \/>\n<link rel=\"canonical\" href=\"https:\/\/billigpakke.no\/blog\/hva-koster-pakken\/\" \/>\n<meta property=\"og:locale\" content=\"nn_NO\" \/>\n<meta property=\"og:type\" content=\"article\" \/>\n<meta property=\"og:title\" content=\"hva koster pakken? - BilligPakke.no\" \/>\n<meta property=\"og:description\" content=\"Prisen p\u00e5 pakken varierer avhengig av st\u00f8rrelse, vekt og leveringsdestinasjon. Kontakt leverand\u00f8ren for n\u00f8yaktig pris.\" \/>\n<meta property=\"og:url\" content=\"https:\/\/billigpakke.no\/blog\/hva-koster-pakken\/\" \/>\n<meta property=\"og:site_name\" content=\"BilligPakke.no\" \/>\n<meta property=\"article:modified_time\" content=\"2024-05-05T08:23:23+00:00\" \/>\n<meta name=\"twitter:card\" content=\"summary_large_image\" \/>\n<meta name=\"twitter:label1\" content=\"Est. reading time\" \/>\n\t<meta name=\"twitter:data1\" content=\"1 minutt\" \/>\n<script type=\"application\/ld+json\" class=\"yoast-schema-graph\">{\"@context\":\"https:\\\/\\\/schema.org\",\"@graph\":[{\"@type\":\"WebPage\",\"@id\":\"https:\\\/\\\/billigpakke.no\\\/blog\\\/hva-koster-pakken\\\/\",\"url\":\"https:\\\/\\\/billigpakke.no\\\/blog\\\/hva-koster-pakken\\\/\",\"name\":\"hva koster pakken? - BilligPakke.no\",\"isPartOf\":{\"@id\":\"https:\\\/\\\/billigpakke.no\\\/blog\\\/#website\"},\"datePublished\":\"2024-05-05T06:30:34+00:00\",\"dateModified\":\"2024-05-05T08:23:23+00:00\",\"description\":\"Prisen p\u00e5 pakken varierer avhengig av st\u00f8rrelse, vekt og leveringsdestinasjon. Kontakt leverand\u00f8ren for n\u00f8yaktig pris.\",\"breadcrumb\":{\"@id\":\"https:\\\/\\\/billigpakke.no\\\/blog\\\/hva-koster-pakken\\\/#breadcrumb\"},\"inLanguage\":\"nn-NO\",\"potentialAction\":[{\"@type\":\"ReadAction\",\"target\":[\"https:\\\/\\\/billigpakke.no\\\/blog\\\/hva-koster-pakken\\\/\"]}]},{\"@type\":\"BreadcrumbList\",\"@id\":\"https:\\\/\\\/billigpakke.no\\\/blog\\\/hva-koster-pakken\\\/#breadcrumb\",\"itemListElement\":[{\"@type\":\"ListItem\",\"position\":1,\"name\":\"Home\",\"item\":\"https:\\\/\\\/billigpakke.no\\\/blog\\\/\"},{\"@type\":\"ListItem\",\"position\":2,\"name\":\"hva koster pakken?\"}]},{\"@type\":\"WebSite\",\"@id\":\"https:\\\/\\\/billigpakke.no\\\/blog\\\/#website\",\"url\":\"https:\\\/\\\/billigpakke.no\\\/blog\\\/\",\"name\":\"BilligPakke.no\",\"description\":\"Billigpakke.no Blog\",\"publisher\":{\"@id\":\"https:\\\/\\\/billigpakke.no\\\/blog\\\/#organization\"},\"potentialAction\":[{\"@type\":\"SearchAction\",\"target\":{\"@type\":\"EntryPoint\",\"urlTemplate\":\"https:\\\/\\\/billigpakke.no\\\/blog\\\/?s={search_term_string}\"},\"query-input\":{\"@type\":\"PropertyValueSpecification\",\"valueRequired\":true,\"valueName\":\"search_term_string\"}}],\"inLanguage\":\"nn-NO\"},{\"@type\":\"Organization\",\"@id\":\"https:\\\/\\\/billigpakke.no\\\/blog\\\/#organization\",\"name\":\"BilligPakke.no\",\"url\":\"https:\\\/\\\/billigpakke.no\\\/blog\\\/\",\"logo\":{\"@type\":\"ImageObject\",\"inLanguage\":\"nn-NO\",\"@id\":\"https:\\\/\\\/billigpakke.no\\\/blog\\\/#\\\/schema\\\/logo\\\/image\\\/\",\"url\":\"https:\\\/\\\/billigpakke.no\\\/blog\\\/wp-content\\\/uploads\\\/2016\\\/10\\\/logo.png\",\"contentUrl\":\"https:\\\/\\\/billigpakke.no\\\/blog\\\/wp-content\\\/uploads\\\/2016\\\/10\\\/logo.png\",\"width\":185,\"height\":71,\"caption\":\"BilligPakke.no\"},\"image\":{\"@id\":\"https:\\\/\\\/billigpakke.no\\\/blog\\\/#\\\/schema\\\/logo\\\/image\\\/\"}}]}<\/script>\n<!-- \/ Yoast SEO plugin. -->","yoast_head_json":{"title":"hva koster pakken? - BilligPakke.no","description":"Prisen p\u00e5 pakken varierer avhengig av st\u00f8rrelse, vekt og leveringsdestinasjon. Kontakt leverand\u00f8ren for n\u00f8yaktig pris.","robots":{"index":"index","follow":"follow","max-snippet":"max-snippet:-1","max-image-preview":"max-image-preview:large","max-video-preview":"max-video-preview:-1"},"canonical":"https:\/\/billigpakke.no\/blog\/hva-koster-pakken\/","og_locale":"nn_NO","og_type":"article","og_title":"hva koster pakken? - BilligPakke.no","og_description":"Prisen p\u00e5 pakken varierer avhengig av st\u00f8rrelse, vekt og leveringsdestinasjon. Kontakt leverand\u00f8ren for n\u00f8yaktig pris.","og_url":"https:\/\/billigpakke.no\/blog\/hva-koster-pakken\/","og_site_name":"BilligPakke.no","article_modified_time":"2024-05-05T08:23:23+00:00","twitter_card":"summary_large_image","twitter_misc":{"Est. reading time":"1 minutt"},"schema":{"@context":"https:\/\/schema.org","@graph":[{"@type":"WebPage","@id":"https:\/\/billigpakke.no\/blog\/hva-koster-pakken\/","url":"https:\/\/billigpakke.no\/blog\/hva-koster-pakken\/","name":"hva koster pakken? - BilligPakke.no","isPartOf":{"@id":"https:\/\/billigpakke.no\/blog\/#website"},"datePublished":"2024-05-05T06:30:34+00:00","dateModified":"2024-05-05T08:23:23+00:00","description":"Prisen p\u00e5 pakken varierer avhengig av st\u00f8rrelse, vekt og leveringsdestinasjon. Kontakt leverand\u00f8ren for n\u00f8yaktig pris.","breadcrumb":{"@id":"https:\/\/billigpakke.no\/blog\/hva-koster-pakken\/#breadcrumb"},"inLanguage":"nn-NO","potentialAction":[{"@type":"ReadAction","target":["https:\/\/billigpakke.no\/blog\/hva-koster-pakken\/"]}]},{"@type":"BreadcrumbList","@id":"https:\/\/billigpakke.no\/blog\/hva-koster-pakken\/#breadcrumb","itemListElement":[{"@type":"ListItem","position":1,"name":"Home","item":"https:\/\/billigpakke.no\/blog\/"},{"@type":"ListItem","position":2,"name":"hva koster pakken?"}]},{"@type":"WebSite","@id":"https:\/\/billigpakke.no\/blog\/#website","url":"https:\/\/billigpakke.no\/blog\/","name":"BilligPakke.no","description":"Billigpakke.no Blog","publisher":{"@id":"https:\/\/billigpakke.no\/blog\/#organization"},"potentialAction":[{"@type":"SearchAction","target":{"@type":"EntryPoint","urlTemplate":"https:\/\/billigpakke.no\/blog\/?s={search_term_string}"},"query-input":{"@type":"PropertyValueSpecification","valueRequired":true,"valueName":"search_term_string"}}],"inLanguage":"nn-NO"},{"@type":"Organization","@id":"https:\/\/billigpakke.no\/blog\/#organization","name":"BilligPakke.no","url":"https:\/\/billigpakke.no\/blog\/","logo":{"@type":"ImageObject","inLanguage":"nn-NO","@id":"https:\/\/billigpakke.no\/blog\/#\/schema\/logo\/image\/","url":"https:\/\/billigpakke.no\/blog\/wp-content\/uploads\/2016\/10\/logo.png","contentUrl":"https:\/\/billigpakke.no\/blog\/wp-content\/uploads\/2016\/10\/logo.png","width":185,"height":71,"caption":"BilligPakke.no"},"image":{"@id":"https:\/\/billigpakke.no\/blog\/#\/schema\/logo\/image\/"}}]}},"_links":{"self":[{"href":"https:\/\/billigpakke.no\/blog\/wp-json\/wp\/v2\/pages\/1006","targetHints":{"allow":["GET"]}}],"collection":[{"href":"https:\/\/billigpakke.no\/blog\/wp-json\/wp\/v2\/pages"}],"about":[{"href":"https:\/\/billigpakke.no\/blog\/wp-json\/wp\/v2\/types\/page"}],"author":[{"embeddable":true,"href":"https:\/\/billigpakke.no\/blog\/wp-json\/wp\/v2\/users\/3"}],"replies":[{"embeddable":true,"href":"https:\/\/billigpakke.no\/blog\/wp-json\/wp\/v2\/comments?post=1006"}],"version-history":[{"count":2,"href":"https:\/\/billigpakke.no\/blog\/wp-json\/wp\/v2\/pages\/1006\/revisions"}],"predecessor-version":[{"id":1651,"href":"https:\/\/billigpakke.no\/blog\/wp-json\/wp\/v2\/pages\/1006\/revisions\/1651"}],"wp:attachment":[{"href":"https:\/\/billigpakke.no\/blog\/wp-json\/wp\/v2\/media?parent=1006"}],"curies":[{"name":"wp","href":"https:\/\/api.w.org\/{rel}","templated":true}]}}