{"id":1005,"date":"2024-05-05T09:23:23","date_gmt":"2024-05-05T06:30:34","guid":{"rendered":"https:\/\/billigpakke.no\/blog\/hvor-mye-koster-frakt-med-norgespakke\/"},"modified":"2024-05-05T09:23:23","modified_gmt":"2024-05-05T08:23:23","slug":"hvor-mye-koster-frakt-med-norgespakke","status":"publish","type":"page","link":"https:\/\/billigpakke.no\/blog\/hvor-mye-koster-frakt-med-norgespakke\/","title":{"rendered":"hvor mye koster frakt med norgespakke?"},"content":{"rendered":"\n<p class=\"has-text-align-center\">Prisen for frakt med Norgespakke avhenger av vekten og st\u00f8rrelsen p\u00e5 pakken, samt destinasjonen den skal sendes til. Du kan enkelt beregne prisen ved \u00e5 bruke Posten sin fraktberegner p\u00e5 deres nettside. Generelt sett ligger prisene for Norgespakke mellom 155 kr og 375 kr, avhengig av vekten og eventuelle tilleggstjenester du velger.<\/p>\n\n\n\n<div class=\"wp-block-buttons is-content-justification-center is-layout-flex wp-container-core-buttons-is-layout-16018d1d wp-block-buttons-is-layout-flex\">\n<div class=\"wp-block-button is-style-outline is-style-outline--1\"><a class=\"wp-block-button__link has-dark-gray-color has-yellow-background-color has-text-color has-background has-link-color wp-element-button\" href=\"https:\/\/billigpakke.no\">send pakkene dine billig her<\/a><\/div>\n<\/div>\n\n\n\n<p><\/p>\n\n\n\n<p class=\"has-text-align-center\">1. Hvor mye koster frakt med Norgespakke?<br \/>Svar: Prisen for frakt med Norgespakke avhenger av vekten og st\u00f8rrelsen p\u00e5 pakken, samt destinasjonen den skal sendes til. Du kan beregne prisen p\u00e5 Posten sin nettside eller i deres app.<br \/><br \/>2. Hvor lang tid tar det \u00e5 sende en Norgespakke?<br \/>Svar: Leveringstiden for Norgespakke varierer avhengig av avstanden mellom avsender og mottaker. Vanligvis tar det 1-3 virkedager for pakken \u00e5 bli levert.<br \/><br \/>3. Kan jeg spore en Norgespakke?<br \/>Svar: Ja, du kan spore en Norgespakke ved \u00e5 bruke sporingsnummeret som du f\u00e5r n\u00e5r du sender pakken. Du kan enkelt spore pakken p\u00e5 Posten sin nettside eller i deres app.<\/p>\n","protected":false},"excerpt":{"rendered":"<p>Prisen for frakt med Norgespakke avhenger av vekten og st\u00f8rrelsen p\u00e5 pakken, samt destinasjonen den skal sendes til. Du kan enkelt beregne prisen ved \u00e5 bruke Posten sin fraktberegner p\u00e5 deres nettside. Generelt sett ligger prisene for Norgespakke mellom 155 kr og 375 kr, avhengig av vekten og eventuelle tilleggstjenester du velger. 1. Hvor mye &hellip; <a href=\"https:\/\/billigpakke.no\/blog\/hvor-mye-koster-frakt-med-norgespakke\/\" class=\"more-link\">Hald fram med \u00e5 lese<span class=\"screen-reader-text\"> \u00abhvor mye koster frakt med norgespakke?\u00bb<\/span><\/a><\/p>\n","protected":false},"author":3,"featured_media":0,"parent":0,"menu_order":0,"comment_status":"closed","ping_status":"closed","template":"","meta":{"footnotes":""},"class_list":["post-1005","page","type-page","status-publish","hentry"],"yoast_head":"<!-- This site is optimized with the Yoast SEO plugin v27.4 - https:\/\/yoast.com\/product\/yoast-seo-wordpress\/ -->\n<title>hvor mye koster frakt med norgespakke? - BilligPakke.no<\/title>\n<meta name=\"description\" content=\"Norgespakke er en tjeneste som tilbyr rimelig frakt av pakker i Norge. Prisen avhenger av vekt og st\u00f8rrelse p\u00e5 pakken, samt hvor i landet den skal sendes.\" \/>\n<meta name=\"robots\" content=\"index, follow, max-snippet:-1, max-image-preview:large, max-video-preview:-1\" \/>\n<link rel=\"canonical\" href=\"https:\/\/billigpakke.no\/blog\/hvor-mye-koster-frakt-med-norgespakke\/\" \/>\n<meta property=\"og:locale\" content=\"nn_NO\" \/>\n<meta property=\"og:type\" content=\"article\" \/>\n<meta property=\"og:title\" content=\"hvor mye koster frakt med norgespakke? - BilligPakke.no\" \/>\n<meta property=\"og:description\" content=\"Norgespakke er en tjeneste som tilbyr rimelig frakt av pakker i Norge. Prisen avhenger av vekt og st\u00f8rrelse p\u00e5 pakken, samt hvor i landet den skal sendes.\" \/>\n<meta property=\"og:url\" content=\"https:\/\/billigpakke.no\/blog\/hvor-mye-koster-frakt-med-norgespakke\/\" \/>\n<meta property=\"og:site_name\" content=\"BilligPakke.no\" \/>\n<meta property=\"article:modified_time\" content=\"2024-05-05T08:23:23+00:00\" \/>\n<meta name=\"twitter:card\" content=\"summary_large_image\" \/>\n<meta name=\"twitter:label1\" content=\"Est. reading time\" \/>\n\t<meta name=\"twitter:data1\" content=\"1 minutt\" \/>\n<script type=\"application\/ld+json\" class=\"yoast-schema-graph\">{\"@context\":\"https:\\\/\\\/schema.org\",\"@graph\":[{\"@type\":\"WebPage\",\"@id\":\"https:\\\/\\\/billigpakke.no\\\/blog\\\/hvor-mye-koster-frakt-med-norgespakke\\\/\",\"url\":\"https:\\\/\\\/billigpakke.no\\\/blog\\\/hvor-mye-koster-frakt-med-norgespakke\\\/\",\"name\":\"hvor mye koster frakt med norgespakke? - BilligPakke.no\",\"isPartOf\":{\"@id\":\"https:\\\/\\\/billigpakke.no\\\/blog\\\/#website\"},\"datePublished\":\"2024-05-05T06:30:34+00:00\",\"dateModified\":\"2024-05-05T08:23:23+00:00\",\"description\":\"Norgespakke er en tjeneste som tilbyr rimelig frakt av pakker i Norge. Prisen avhenger av vekt og st\u00f8rrelse p\u00e5 pakken, samt hvor i landet den skal sendes.\",\"breadcrumb\":{\"@id\":\"https:\\\/\\\/billigpakke.no\\\/blog\\\/hvor-mye-koster-frakt-med-norgespakke\\\/#breadcrumb\"},\"inLanguage\":\"nn-NO\",\"potentialAction\":[{\"@type\":\"ReadAction\",\"target\":[\"https:\\\/\\\/billigpakke.no\\\/blog\\\/hvor-mye-koster-frakt-med-norgespakke\\\/\"]}]},{\"@type\":\"BreadcrumbList\",\"@id\":\"https:\\\/\\\/billigpakke.no\\\/blog\\\/hvor-mye-koster-frakt-med-norgespakke\\\/#breadcrumb\",\"itemListElement\":[{\"@type\":\"ListItem\",\"position\":1,\"name\":\"Home\",\"item\":\"https:\\\/\\\/billigpakke.no\\\/blog\\\/\"},{\"@type\":\"ListItem\",\"position\":2,\"name\":\"hvor mye koster frakt med norgespakke?\"}]},{\"@type\":\"WebSite\",\"@id\":\"https:\\\/\\\/billigpakke.no\\\/blog\\\/#website\",\"url\":\"https:\\\/\\\/billigpakke.no\\\/blog\\\/\",\"name\":\"BilligPakke.no\",\"description\":\"Billigpakke.no Blog\",\"publisher\":{\"@id\":\"https:\\\/\\\/billigpakke.no\\\/blog\\\/#organization\"},\"potentialAction\":[{\"@type\":\"SearchAction\",\"target\":{\"@type\":\"EntryPoint\",\"urlTemplate\":\"https:\\\/\\\/billigpakke.no\\\/blog\\\/?s={search_term_string}\"},\"query-input\":{\"@type\":\"PropertyValueSpecification\",\"valueRequired\":true,\"valueName\":\"search_term_string\"}}],\"inLanguage\":\"nn-NO\"},{\"@type\":\"Organization\",\"@id\":\"https:\\\/\\\/billigpakke.no\\\/blog\\\/#organization\",\"name\":\"BilligPakke.no\",\"url\":\"https:\\\/\\\/billigpakke.no\\\/blog\\\/\",\"logo\":{\"@type\":\"ImageObject\",\"inLanguage\":\"nn-NO\",\"@id\":\"https:\\\/\\\/billigpakke.no\\\/blog\\\/#\\\/schema\\\/logo\\\/image\\\/\",\"url\":\"https:\\\/\\\/billigpakke.no\\\/blog\\\/wp-content\\\/uploads\\\/2016\\\/10\\\/logo.png\",\"contentUrl\":\"https:\\\/\\\/billigpakke.no\\\/blog\\\/wp-content\\\/uploads\\\/2016\\\/10\\\/logo.png\",\"width\":185,\"height\":71,\"caption\":\"BilligPakke.no\"},\"image\":{\"@id\":\"https:\\\/\\\/billigpakke.no\\\/blog\\\/#\\\/schema\\\/logo\\\/image\\\/\"}}]}<\/script>\n<!-- \/ Yoast SEO plugin. -->","yoast_head_json":{"title":"hvor mye koster frakt med norgespakke? - BilligPakke.no","description":"Norgespakke er en tjeneste som tilbyr rimelig frakt av pakker i Norge. Prisen avhenger av vekt og st\u00f8rrelse p\u00e5 pakken, samt hvor i landet den skal sendes.","robots":{"index":"index","follow":"follow","max-snippet":"max-snippet:-1","max-image-preview":"max-image-preview:large","max-video-preview":"max-video-preview:-1"},"canonical":"https:\/\/billigpakke.no\/blog\/hvor-mye-koster-frakt-med-norgespakke\/","og_locale":"nn_NO","og_type":"article","og_title":"hvor mye koster frakt med norgespakke? - BilligPakke.no","og_description":"Norgespakke er en tjeneste som tilbyr rimelig frakt av pakker i Norge. Prisen avhenger av vekt og st\u00f8rrelse p\u00e5 pakken, samt hvor i landet den skal sendes.","og_url":"https:\/\/billigpakke.no\/blog\/hvor-mye-koster-frakt-med-norgespakke\/","og_site_name":"BilligPakke.no","article_modified_time":"2024-05-05T08:23:23+00:00","twitter_card":"summary_large_image","twitter_misc":{"Est. reading time":"1 minutt"},"schema":{"@context":"https:\/\/schema.org","@graph":[{"@type":"WebPage","@id":"https:\/\/billigpakke.no\/blog\/hvor-mye-koster-frakt-med-norgespakke\/","url":"https:\/\/billigpakke.no\/blog\/hvor-mye-koster-frakt-med-norgespakke\/","name":"hvor mye koster frakt med norgespakke? - BilligPakke.no","isPartOf":{"@id":"https:\/\/billigpakke.no\/blog\/#website"},"datePublished":"2024-05-05T06:30:34+00:00","dateModified":"2024-05-05T08:23:23+00:00","description":"Norgespakke er en tjeneste som tilbyr rimelig frakt av pakker i Norge. Prisen avhenger av vekt og st\u00f8rrelse p\u00e5 pakken, samt hvor i landet den skal sendes.","breadcrumb":{"@id":"https:\/\/billigpakke.no\/blog\/hvor-mye-koster-frakt-med-norgespakke\/#breadcrumb"},"inLanguage":"nn-NO","potentialAction":[{"@type":"ReadAction","target":["https:\/\/billigpakke.no\/blog\/hvor-mye-koster-frakt-med-norgespakke\/"]}]},{"@type":"BreadcrumbList","@id":"https:\/\/billigpakke.no\/blog\/hvor-mye-koster-frakt-med-norgespakke\/#breadcrumb","itemListElement":[{"@type":"ListItem","position":1,"name":"Home","item":"https:\/\/billigpakke.no\/blog\/"},{"@type":"ListItem","position":2,"name":"hvor mye koster frakt med norgespakke?"}]},{"@type":"WebSite","@id":"https:\/\/billigpakke.no\/blog\/#website","url":"https:\/\/billigpakke.no\/blog\/","name":"BilligPakke.no","description":"Billigpakke.no Blog","publisher":{"@id":"https:\/\/billigpakke.no\/blog\/#organization"},"potentialAction":[{"@type":"SearchAction","target":{"@type":"EntryPoint","urlTemplate":"https:\/\/billigpakke.no\/blog\/?s={search_term_string}"},"query-input":{"@type":"PropertyValueSpecification","valueRequired":true,"valueName":"search_term_string"}}],"inLanguage":"nn-NO"},{"@type":"Organization","@id":"https:\/\/billigpakke.no\/blog\/#organization","name":"BilligPakke.no","url":"https:\/\/billigpakke.no\/blog\/","logo":{"@type":"ImageObject","inLanguage":"nn-NO","@id":"https:\/\/billigpakke.no\/blog\/#\/schema\/logo\/image\/","url":"https:\/\/billigpakke.no\/blog\/wp-content\/uploads\/2016\/10\/logo.png","contentUrl":"https:\/\/billigpakke.no\/blog\/wp-content\/uploads\/2016\/10\/logo.png","width":185,"height":71,"caption":"BilligPakke.no"},"image":{"@id":"https:\/\/billigpakke.no\/blog\/#\/schema\/logo\/image\/"}}]}},"_links":{"self":[{"href":"https:\/\/billigpakke.no\/blog\/wp-json\/wp\/v2\/pages\/1005","targetHints":{"allow":["GET"]}}],"collection":[{"href":"https:\/\/billigpakke.no\/blog\/wp-json\/wp\/v2\/pages"}],"about":[{"href":"https:\/\/billigpakke.no\/blog\/wp-json\/wp\/v2\/types\/page"}],"author":[{"embeddable":true,"href":"https:\/\/billigpakke.no\/blog\/wp-json\/wp\/v2\/users\/3"}],"replies":[{"embeddable":true,"href":"https:\/\/billigpakke.no\/blog\/wp-json\/wp\/v2\/comments?post=1005"}],"version-history":[{"count":2,"href":"https:\/\/billigpakke.no\/blog\/wp-json\/wp\/v2\/pages\/1005\/revisions"}],"predecessor-version":[{"id":1650,"href":"https:\/\/billigpakke.no\/blog\/wp-json\/wp\/v2\/pages\/1005\/revisions\/1650"}],"wp:attachment":[{"href":"https:\/\/billigpakke.no\/blog\/wp-json\/wp\/v2\/media?parent=1005"}],"curies":[{"name":"wp","href":"https:\/\/api.w.org\/{rel}","templated":true}]}}