{"id":1004,"date":"2024-05-05T09:23:23","date_gmt":"2024-05-05T06:30:34","guid":{"rendered":"https:\/\/billigpakke.no\/blog\/hva-koster-frakt-til-sverige\/"},"modified":"2024-05-05T09:23:23","modified_gmt":"2024-05-05T08:23:23","slug":"hva-koster-frakt-til-sverige","status":"publish","type":"page","link":"https:\/\/billigpakke.no\/blog\/hva-koster-frakt-til-sverige\/","title":{"rendered":"hva koster frakt til sverige?"},"content":{"rendered":"\n<p class=\"has-text-align-center\">Fraktkostnadene til Sverige vil variere avhengig av vekten og st\u00f8rrelsen p\u00e5 pakken, samt hvilket fraktselskap du velger \u00e5 bruke. Jeg anbefaler at du kontakter ulike fraktselskaper for \u00e5 f\u00e5 tilbud basert p\u00e5 dine spesifikke behov.<\/p>\n\n\n\n<div class=\"wp-block-buttons is-content-justification-center is-layout-flex wp-container-core-buttons-is-layout-16018d1d wp-block-buttons-is-layout-flex\">\n<div class=\"wp-block-button is-style-outline is-style-outline--1\"><a class=\"wp-block-button__link has-dark-gray-color has-yellow-background-color has-text-color has-background has-link-color wp-element-button\" href=\"https:\/\/billigpakke.no\">send pakkene dine billig her<\/a><\/div>\n<\/div>\n\n\n\n<p><\/p>\n\n\n\n<p class=\"has-text-align-center\">1. Hva koster frakt til Sverige?<br \/>Svar: Fraktkostnader til Sverige vil variere avhengig av vekten og st\u00f8rrelsen p\u00e5 pakken, samt hvilket fraktselskap som benyttes. Det kan v\u00e6re lurt \u00e5 kontakte ulike fraktselskaper for \u00e5 f\u00e5 tilbud p\u00e5 fraktkostnader.<br \/><br \/>2. Hvilke dokumenter trenger jeg for \u00e5 sende en pakke til Sverige?<br \/>Svar: N\u00e5r du sender en pakke til Sverige, m\u00e5 du vanligvis fylle ut en tolldeklarasjon og s\u00f8rge for at pakken er riktig merket med mottakerens adresse og eventuelle tollinformasjon.<br \/><br \/>3. Hvor lang tid tar det vanligvis \u00e5 sende en pakke til Sverige?<br \/>Svar: Leveringstiden for en pakke til Sverige vil avhenge av fraktselskapet og hvilken type frakt du velger. Vanligvis tar det mellom 2-5 virkedager \u00e5 sende en pakke til Sverige.<\/p>\n","protected":false},"excerpt":{"rendered":"<p>Fraktkostnadene til Sverige vil variere avhengig av vekten og st\u00f8rrelsen p\u00e5 pakken, samt hvilket fraktselskap du velger \u00e5 bruke. Jeg anbefaler at du kontakter ulike fraktselskaper for \u00e5 f\u00e5 tilbud basert p\u00e5 dine spesifikke behov. 1. Hva koster frakt til Sverige?Svar: Fraktkostnader til Sverige vil variere avhengig av vekten og st\u00f8rrelsen p\u00e5 pakken, samt hvilket &hellip; <a href=\"https:\/\/billigpakke.no\/blog\/hva-koster-frakt-til-sverige\/\" class=\"more-link\">Hald fram med \u00e5 lese<span class=\"screen-reader-text\"> \u00abhva koster frakt til sverige?\u00bb<\/span><\/a><\/p>\n","protected":false},"author":3,"featured_media":0,"parent":0,"menu_order":0,"comment_status":"closed","ping_status":"closed","template":"","meta":{"footnotes":""},"class_list":["post-1004","page","type-page","status-publish","hentry"],"yoast_head":"<!-- This site is optimized with the Yoast SEO plugin v27.4 - https:\/\/yoast.com\/product\/yoast-seo-wordpress\/ -->\n<title>hva koster frakt til sverige? - BilligPakke.no<\/title>\n<meta name=\"description\" content=\"Fraktkostnadene til Sverige varierer avhengig av vekt, st\u00f8rrelse og leverand\u00f8r. Det kan ogs\u00e5 p\u00e5virkes av toll og avgifter.\" \/>\n<meta name=\"robots\" content=\"index, follow, max-snippet:-1, max-image-preview:large, max-video-preview:-1\" \/>\n<link rel=\"canonical\" href=\"https:\/\/billigpakke.no\/blog\/hva-koster-frakt-til-sverige\/\" \/>\n<meta property=\"og:locale\" content=\"nn_NO\" \/>\n<meta property=\"og:type\" content=\"article\" \/>\n<meta property=\"og:title\" content=\"hva koster frakt til sverige? - BilligPakke.no\" \/>\n<meta property=\"og:description\" content=\"Fraktkostnadene til Sverige varierer avhengig av vekt, st\u00f8rrelse og leverand\u00f8r. Det kan ogs\u00e5 p\u00e5virkes av toll og avgifter.\" \/>\n<meta property=\"og:url\" content=\"https:\/\/billigpakke.no\/blog\/hva-koster-frakt-til-sverige\/\" \/>\n<meta property=\"og:site_name\" content=\"BilligPakke.no\" \/>\n<meta property=\"article:modified_time\" content=\"2024-05-05T08:23:23+00:00\" \/>\n<meta name=\"twitter:card\" content=\"summary_large_image\" \/>\n<meta name=\"twitter:label1\" content=\"Est. reading time\" \/>\n\t<meta name=\"twitter:data1\" content=\"1 minutt\" \/>\n<script type=\"application\/ld+json\" class=\"yoast-schema-graph\">{\"@context\":\"https:\\\/\\\/schema.org\",\"@graph\":[{\"@type\":\"WebPage\",\"@id\":\"https:\\\/\\\/billigpakke.no\\\/blog\\\/hva-koster-frakt-til-sverige\\\/\",\"url\":\"https:\\\/\\\/billigpakke.no\\\/blog\\\/hva-koster-frakt-til-sverige\\\/\",\"name\":\"hva koster frakt til sverige? - BilligPakke.no\",\"isPartOf\":{\"@id\":\"https:\\\/\\\/billigpakke.no\\\/blog\\\/#website\"},\"datePublished\":\"2024-05-05T06:30:34+00:00\",\"dateModified\":\"2024-05-05T08:23:23+00:00\",\"description\":\"Fraktkostnadene til Sverige varierer avhengig av vekt, st\u00f8rrelse og leverand\u00f8r. Det kan ogs\u00e5 p\u00e5virkes av toll og avgifter.\",\"breadcrumb\":{\"@id\":\"https:\\\/\\\/billigpakke.no\\\/blog\\\/hva-koster-frakt-til-sverige\\\/#breadcrumb\"},\"inLanguage\":\"nn-NO\",\"potentialAction\":[{\"@type\":\"ReadAction\",\"target\":[\"https:\\\/\\\/billigpakke.no\\\/blog\\\/hva-koster-frakt-til-sverige\\\/\"]}]},{\"@type\":\"BreadcrumbList\",\"@id\":\"https:\\\/\\\/billigpakke.no\\\/blog\\\/hva-koster-frakt-til-sverige\\\/#breadcrumb\",\"itemListElement\":[{\"@type\":\"ListItem\",\"position\":1,\"name\":\"Home\",\"item\":\"https:\\\/\\\/billigpakke.no\\\/blog\\\/\"},{\"@type\":\"ListItem\",\"position\":2,\"name\":\"hva koster frakt til sverige?\"}]},{\"@type\":\"WebSite\",\"@id\":\"https:\\\/\\\/billigpakke.no\\\/blog\\\/#website\",\"url\":\"https:\\\/\\\/billigpakke.no\\\/blog\\\/\",\"name\":\"BilligPakke.no\",\"description\":\"Billigpakke.no Blog\",\"publisher\":{\"@id\":\"https:\\\/\\\/billigpakke.no\\\/blog\\\/#organization\"},\"potentialAction\":[{\"@type\":\"SearchAction\",\"target\":{\"@type\":\"EntryPoint\",\"urlTemplate\":\"https:\\\/\\\/billigpakke.no\\\/blog\\\/?s={search_term_string}\"},\"query-input\":{\"@type\":\"PropertyValueSpecification\",\"valueRequired\":true,\"valueName\":\"search_term_string\"}}],\"inLanguage\":\"nn-NO\"},{\"@type\":\"Organization\",\"@id\":\"https:\\\/\\\/billigpakke.no\\\/blog\\\/#organization\",\"name\":\"BilligPakke.no\",\"url\":\"https:\\\/\\\/billigpakke.no\\\/blog\\\/\",\"logo\":{\"@type\":\"ImageObject\",\"inLanguage\":\"nn-NO\",\"@id\":\"https:\\\/\\\/billigpakke.no\\\/blog\\\/#\\\/schema\\\/logo\\\/image\\\/\",\"url\":\"https:\\\/\\\/billigpakke.no\\\/blog\\\/wp-content\\\/uploads\\\/2016\\\/10\\\/logo.png\",\"contentUrl\":\"https:\\\/\\\/billigpakke.no\\\/blog\\\/wp-content\\\/uploads\\\/2016\\\/10\\\/logo.png\",\"width\":185,\"height\":71,\"caption\":\"BilligPakke.no\"},\"image\":{\"@id\":\"https:\\\/\\\/billigpakke.no\\\/blog\\\/#\\\/schema\\\/logo\\\/image\\\/\"}}]}<\/script>\n<!-- \/ Yoast SEO plugin. -->","yoast_head_json":{"title":"hva koster frakt til sverige? - BilligPakke.no","description":"Fraktkostnadene til Sverige varierer avhengig av vekt, st\u00f8rrelse og leverand\u00f8r. Det kan ogs\u00e5 p\u00e5virkes av toll og avgifter.","robots":{"index":"index","follow":"follow","max-snippet":"max-snippet:-1","max-image-preview":"max-image-preview:large","max-video-preview":"max-video-preview:-1"},"canonical":"https:\/\/billigpakke.no\/blog\/hva-koster-frakt-til-sverige\/","og_locale":"nn_NO","og_type":"article","og_title":"hva koster frakt til sverige? - BilligPakke.no","og_description":"Fraktkostnadene til Sverige varierer avhengig av vekt, st\u00f8rrelse og leverand\u00f8r. Det kan ogs\u00e5 p\u00e5virkes av toll og avgifter.","og_url":"https:\/\/billigpakke.no\/blog\/hva-koster-frakt-til-sverige\/","og_site_name":"BilligPakke.no","article_modified_time":"2024-05-05T08:23:23+00:00","twitter_card":"summary_large_image","twitter_misc":{"Est. reading time":"1 minutt"},"schema":{"@context":"https:\/\/schema.org","@graph":[{"@type":"WebPage","@id":"https:\/\/billigpakke.no\/blog\/hva-koster-frakt-til-sverige\/","url":"https:\/\/billigpakke.no\/blog\/hva-koster-frakt-til-sverige\/","name":"hva koster frakt til sverige? - BilligPakke.no","isPartOf":{"@id":"https:\/\/billigpakke.no\/blog\/#website"},"datePublished":"2024-05-05T06:30:34+00:00","dateModified":"2024-05-05T08:23:23+00:00","description":"Fraktkostnadene til Sverige varierer avhengig av vekt, st\u00f8rrelse og leverand\u00f8r. Det kan ogs\u00e5 p\u00e5virkes av toll og avgifter.","breadcrumb":{"@id":"https:\/\/billigpakke.no\/blog\/hva-koster-frakt-til-sverige\/#breadcrumb"},"inLanguage":"nn-NO","potentialAction":[{"@type":"ReadAction","target":["https:\/\/billigpakke.no\/blog\/hva-koster-frakt-til-sverige\/"]}]},{"@type":"BreadcrumbList","@id":"https:\/\/billigpakke.no\/blog\/hva-koster-frakt-til-sverige\/#breadcrumb","itemListElement":[{"@type":"ListItem","position":1,"name":"Home","item":"https:\/\/billigpakke.no\/blog\/"},{"@type":"ListItem","position":2,"name":"hva koster frakt til sverige?"}]},{"@type":"WebSite","@id":"https:\/\/billigpakke.no\/blog\/#website","url":"https:\/\/billigpakke.no\/blog\/","name":"BilligPakke.no","description":"Billigpakke.no Blog","publisher":{"@id":"https:\/\/billigpakke.no\/blog\/#organization"},"potentialAction":[{"@type":"SearchAction","target":{"@type":"EntryPoint","urlTemplate":"https:\/\/billigpakke.no\/blog\/?s={search_term_string}"},"query-input":{"@type":"PropertyValueSpecification","valueRequired":true,"valueName":"search_term_string"}}],"inLanguage":"nn-NO"},{"@type":"Organization","@id":"https:\/\/billigpakke.no\/blog\/#organization","name":"BilligPakke.no","url":"https:\/\/billigpakke.no\/blog\/","logo":{"@type":"ImageObject","inLanguage":"nn-NO","@id":"https:\/\/billigpakke.no\/blog\/#\/schema\/logo\/image\/","url":"https:\/\/billigpakke.no\/blog\/wp-content\/uploads\/2016\/10\/logo.png","contentUrl":"https:\/\/billigpakke.no\/blog\/wp-content\/uploads\/2016\/10\/logo.png","width":185,"height":71,"caption":"BilligPakke.no"},"image":{"@id":"https:\/\/billigpakke.no\/blog\/#\/schema\/logo\/image\/"}}]}},"_links":{"self":[{"href":"https:\/\/billigpakke.no\/blog\/wp-json\/wp\/v2\/pages\/1004","targetHints":{"allow":["GET"]}}],"collection":[{"href":"https:\/\/billigpakke.no\/blog\/wp-json\/wp\/v2\/pages"}],"about":[{"href":"https:\/\/billigpakke.no\/blog\/wp-json\/wp\/v2\/types\/page"}],"author":[{"embeddable":true,"href":"https:\/\/billigpakke.no\/blog\/wp-json\/wp\/v2\/users\/3"}],"replies":[{"embeddable":true,"href":"https:\/\/billigpakke.no\/blog\/wp-json\/wp\/v2\/comments?post=1004"}],"version-history":[{"count":2,"href":"https:\/\/billigpakke.no\/blog\/wp-json\/wp\/v2\/pages\/1004\/revisions"}],"predecessor-version":[{"id":1649,"href":"https:\/\/billigpakke.no\/blog\/wp-json\/wp\/v2\/pages\/1004\/revisions\/1649"}],"wp:attachment":[{"href":"https:\/\/billigpakke.no\/blog\/wp-json\/wp\/v2\/media?parent=1004"}],"curies":[{"name":"wp","href":"https:\/\/api.w.org\/{rel}","templated":true}]}}